{"id":907,"date":"2017-12-30T09:45:12","date_gmt":"2017-12-30T09:45:12","guid":{"rendered":"http:\/\/capinvestinnov.fr\/?page_id=907"},"modified":"2017-12-30T10:21:11","modified_gmt":"2017-12-30T10:21:11","slug":"notre-offre-formation","status":"publish","type":"page","link":"https:\/\/capinvestinnov.fr\/index.php\/notre-offre-formation","title":{"rendered":"Notre offre formation"},"content":{"rendered":"<p><span style=\"font-size: 14pt;\"><strong><span style=\"color: #800080;\">Formez vous \u00e0 l&rsquo;intelligence \u00e9conomique, formez vos managers, vos employ\u00e9s, vos personnels nomades<\/span><\/strong><\/span><\/p>\n<p><span style=\"color: #800080; font-size: 12pt;\"> <strong>CaP Invest Innov<\/strong> <\/span><span style=\"font-size: 10pt;\">forme des \u00e9tudiants:<\/span><\/p>\n<ul style=\"list-style-type: circle;\">\n<li><span style=\"font-size: 10pt;\">&#8211; Master gestionnaires et cr\u00e9ateurs d&rsquo;entreprises.<\/span><\/li>\n<li><span style=\"font-size: 10pt;\">&#8211; Master multi-projets industriels<\/span><\/li>\n<li><span style=\"font-size: 10pt;\">&#8211; Master ing\u00e9nieurs r\u00e9seaux<\/span><\/li>\n<li><span style=\"font-size: 10pt;\">&#8211; Master ing\u00e9nieurs programmeurs logiciels<\/span><\/li>\n<\/ul>\n<p><span style=\"color: #800080; font-size: 12pt;\"><strong>CaP Invest Innov<\/strong> <\/span><span style=\"font-size: 10pt;\">sensibilise des cr\u00e9ateurs d&rsquo;entreprises:<\/span><\/p>\n<ul style=\"list-style-type: circle;\">\n<li><span style=\"font-size: 10pt;\">&#8211; Intelligence \u00e9conomique<\/span><\/li>\n<li><span style=\"font-size: 10pt;\">&#8211; S\u00e9curit\u00e9 \u00e9conomique<\/span><\/li>\n<li><span style=\"font-size: 10pt;\">&#8211; S\u00e9curit\u00e9 des syst\u00e8mes d&rsquo;information<\/span><\/li>\n<li><span style=\"font-size: 10pt;\">&#8211; Plan de continuit\u00e9 d&rsquo;activit\u00e9<\/span><\/li>\n<\/ul>\n<p><a href=\"http:\/\/capinvestinnov.fr\/wp-content\/uploads\/2017\/12\/Formation.jpg\"><img decoding=\"async\" loading=\"lazy\" class=\" wp-image-916 aligncenter\" src=\"http:\/\/capinvestinnov.fr\/wp-content\/uploads\/2017\/12\/Formation.jpg\" alt=\"\" width=\"206\" height=\"137\" \/><\/a><\/p>\n","protected":false},"excerpt":{"rendered":"<p>Formez vous \u00e0 l&rsquo;intelligence \u00e9conomique, formez vos managers, vos employ\u00e9s, vos personnels nomades CaP Invest Innov forme des \u00e9tudiants: &#8211; Master gestionnaires et cr\u00e9ateurs d&rsquo;entreprises. &#8211; Master multi-projets industriels &#8211; Master ing\u00e9nieurs r\u00e9seaux &#8211; Master ing\u00e9nieurs programmeurs logiciels CaP Invest Innov sensibilise des cr\u00e9ateurs d&rsquo;entreprises: &#8211; Intelligence \u00e9conomique &#8211; S\u00e9curit\u00e9 \u00e9conomique &#8211; S\u00e9curit\u00e9 des syst\u00e8mes &hellip; <a href=\"https:\/\/capinvestinnov.fr\/index.php\/notre-offre-formation\" class=\"more-link\">Continuer la lecture de <span class=\"screen-reader-text\">Notre offre formation<\/span><\/a><\/p>\n","protected":false},"author":1,"featured_media":0,"parent":0,"menu_order":0,"comment_status":"closed","ping_status":"closed","template":"","meta":[],"_links":{"self":[{"href":"https:\/\/capinvestinnov.fr\/index.php\/wp-json\/wp\/v2\/pages\/907"}],"collection":[{"href":"https:\/\/capinvestinnov.fr\/index.php\/wp-json\/wp\/v2\/pages"}],"about":[{"href":"https:\/\/capinvestinnov.fr\/index.php\/wp-json\/wp\/v2\/types\/page"}],"author":[{"embeddable":true,"href":"https:\/\/capinvestinnov.fr\/index.php\/wp-json\/wp\/v2\/users\/1"}],"replies":[{"embeddable":true,"href":"https:\/\/capinvestinnov.fr\/index.php\/wp-json\/wp\/v2\/comments?post=907"}],"version-history":[{"count":5,"href":"https:\/\/capinvestinnov.fr\/index.php\/wp-json\/wp\/v2\/pages\/907\/revisions"}],"predecessor-version":[{"id":917,"href":"https:\/\/capinvestinnov.fr\/index.php\/wp-json\/wp\/v2\/pages\/907\/revisions\/917"}],"wp:attachment":[{"href":"https:\/\/capinvestinnov.fr\/index.php\/wp-json\/wp\/v2\/media?parent=907"}],"curies":[{"name":"wp","href":"https:\/\/api.w.org\/{rel}","templated":true}]}}