{"id":701,"date":"2016-09-14T08:30:15","date_gmt":"2016-09-14T08:30:15","guid":{"rendered":"http:\/\/capinvestinnov.fr\/?page_id=701"},"modified":"2016-09-14T13:02:04","modified_gmt":"2016-09-14T13:02:04","slug":"mentions-legales","status":"publish","type":"page","link":"https:\/\/capinvestinnov.fr\/index.php\/mentions-legales","title":{"rendered":"Mentions l\u00e9gales"},"content":{"rendered":"<p><span style=\"font-family: arial,helvetica,sans-serif; font-size: 12pt; color: #800080;\"><strong>Mentions l\u00e9gales<br \/>\n<\/strong><\/span><\/p>\n<p><span style=\"font-family: arial,helvetica,sans-serif; font-size: 12pt;\">Bienvenue sur le site internet de <span style=\"color: #800080;\"><strong>CaP Invest Innov<\/strong><\/span>.<\/span><\/p>\n<p><span style=\"font-family: arial,helvetica,sans-serif; font-size: 12pt;\">En acc\u00e9dant sur le Site ou en naviguant sur n\u2019importe quelle page du Site, vous acceptez express\u00e9ment les conditions g\u00e9n\u00e9rales d\u2019utilisation \u00e9nonc\u00e9es ci-apr\u00e8s. Nous vous informons que nous nous r\u00e9servons le droit de modifier ou de fa\u00e7on plus g\u00e9n\u00e9rale d\u2019actualiser les pr\u00e9sentes dispositions \u00e0 tout moment et sans avis pr\u00e9alable, aussi nous vous invitons \u00e0 les consulter \u00e0 chaque connexion.<\/span><\/p>\n<p><span style=\"font-family: arial,helvetica,sans-serif; font-size: 12pt;\"><span style=\"color: #800080;\"><strong> Identification de CaP Invest Innov<\/strong><\/span><\/span><\/p>\n<ul>\n<li><span style=\"font-family: arial,helvetica,sans-serif; font-size: 12pt;\">&#8211; Entreprise individuelle<\/span><\/li>\n<li><span style=\"font-family: arial,helvetica,sans-serif; font-size: 12pt;\">&#8211; SIRET : 822 351 276 00016<\/span><\/li>\n<li><span style=\"font-family: arial,helvetica,sans-serif; font-size: 12pt;\">&#8211; APE : 7490B<\/span><\/li>\n<li><span style=\"font-family: arial,helvetica,sans-serif; font-size: 12pt;\">&#8211; Mail : contact@capinvestinnov.fr<\/span><\/li>\n<li><span style=\"font-family: arial,helvetica,sans-serif; font-size: 12pt;\">&#8211; H\u00e9bergeur: http:\/\/www.ovh.com<\/span><\/li>\n<li><span style=\"font-family: arial,helvetica,sans-serif; font-size: 12pt;\">&#8211; Editeur: https:\/\/fr.wordpress.com<\/span><\/li>\n<\/ul>\n<p><span style=\"font-family: arial,helvetica,sans-serif; font-size: 12pt; color: #800080;\"><strong>Directeur de la Publication<\/strong><\/span><\/p>\n<p><span style=\"font-family: arial,helvetica,sans-serif; font-size: 12pt;\">CaP Invest Innov<\/span><\/p>\n<p><span style=\"font-family: arial,helvetica,sans-serif; font-size: 12pt; color: #800080;\"><strong>Webmasters<\/strong><\/span><\/p>\n<p><span style=\"font-family: arial,helvetica,sans-serif; font-size: 12pt;\">CaP Invest Innov<\/span><\/p>\n<p><span style=\"font-family: arial,helvetica,sans-serif; font-size: 12pt; color: #800080;\"><strong>Restriction d\u2019Utilisation<\/strong><\/span><\/p>\n<p><span style=\"font-family: arial,helvetica,sans-serif; font-size: 12pt;\">Le Site est propri\u00e9t\u00e9 exclusive de CaP Invest Innov et est prot\u00e9g\u00e9 par la l\u00e9gislation fran\u00e7aise, communautaire et internationale sur le droit de la propri\u00e9t\u00e9 intellectuelle.<\/span><\/p>\n<p><span style=\"font-family: arial,helvetica,sans-serif; font-size: 12pt; color: #800080;\"><strong>Responsabilit\u00e9 &#8211; Absence de Garanties<\/strong><\/span><\/p>\n<p><span style=\"font-family: arial,helvetica,sans-serif; font-size: 12pt;\">Toutes les donn\u00e9es ou informations figurant dans le Site sont fournies \u00ab\u00a0EN L\u2019\u00c9TAT\u00a0\u00bb, SANS GARANTIE D\u2019AUCUNE SORTE, IMPLICITE ou EXPLICITE\u00a0\u00bb. CaP Invest Innov, ne pourra ainsi \u00eatre tenu responsable de quelques dommages directs ou indirects par l\u2019utilisation ou l\u2019interpr\u00e9tation des informations disponibles sur le site. <\/span><\/p>\n<p><span style=\"font-family: arial,helvetica,sans-serif; font-size: 12pt;\">A noter que CaP Invest Innov ne transmet aucun cookies, ne supporte aucune publicit\u00e9 et ne cherche pas \u00e0 vous identifier.<br \/>\n<\/span><\/p>\n","protected":false},"excerpt":{"rendered":"<p>Mentions l\u00e9gales Bienvenue sur le site internet de CaP Invest Innov. En acc\u00e9dant sur le Site ou en naviguant sur n\u2019importe quelle page du Site, vous acceptez express\u00e9ment les conditions g\u00e9n\u00e9rales d\u2019utilisation \u00e9nonc\u00e9es ci-apr\u00e8s. Nous vous informons que nous nous r\u00e9servons le droit de modifier ou de fa\u00e7on plus g\u00e9n\u00e9rale d\u2019actualiser les pr\u00e9sentes dispositions \u00e0 &hellip; <a href=\"https:\/\/capinvestinnov.fr\/index.php\/mentions-legales\" class=\"more-link\">Continuer la lecture de <span class=\"screen-reader-text\">Mentions l\u00e9gales<\/span><\/a><\/p>\n","protected":false},"author":1,"featured_media":0,"parent":0,"menu_order":7,"comment_status":"closed","ping_status":"closed","template":"","meta":[],"_links":{"self":[{"href":"https:\/\/capinvestinnov.fr\/index.php\/wp-json\/wp\/v2\/pages\/701"}],"collection":[{"href":"https:\/\/capinvestinnov.fr\/index.php\/wp-json\/wp\/v2\/pages"}],"about":[{"href":"https:\/\/capinvestinnov.fr\/index.php\/wp-json\/wp\/v2\/types\/page"}],"author":[{"embeddable":true,"href":"https:\/\/capinvestinnov.fr\/index.php\/wp-json\/wp\/v2\/users\/1"}],"replies":[{"embeddable":true,"href":"https:\/\/capinvestinnov.fr\/index.php\/wp-json\/wp\/v2\/comments?post=701"}],"version-history":[{"count":6,"href":"https:\/\/capinvestinnov.fr\/index.php\/wp-json\/wp\/v2\/pages\/701\/revisions"}],"predecessor-version":[{"id":714,"href":"https:\/\/capinvestinnov.fr\/index.php\/wp-json\/wp\/v2\/pages\/701\/revisions\/714"}],"wp:attachment":[{"href":"https:\/\/capinvestinnov.fr\/index.php\/wp-json\/wp\/v2\/media?parent=701"}],"curies":[{"name":"wp","href":"https:\/\/api.w.org\/{rel}","templated":true}]}}